{"id":7699,"date":"2026-02-20T17:51:46","date_gmt":"2026-02-20T16:51:46","guid":{"rendered":"https:\/\/www1.isolasalento.org\/?page_id=7699"},"modified":"2026-03-06T18:54:31","modified_gmt":"2026-03-06T17:54:31","slug":"ssl-2023-2027","status":"publish","type":"page","link":"https:\/\/www1.isolasalento.org\/index.php\/ssl-2023-2027\/","title":{"rendered":"SSL 2023-2027"},"content":{"rendered":"\n<h4 class=\"wp-block-heading\"><strong>Area di attuazione della Strategia di Sviluppo Locale (SSL) 2023\/2027 del GAL Isola Salento<\/strong><\/h4>\n\n\n\n<p style=\"font-style:normal;font-weight:500\">La zona di diretta applicazione degli ambiti di intervento del GAL Isola Salento per la programmazione 2023\/2027 si estende ai territori comunali ricadenti nella macrozona del&nbsp;<em><strong>Salento di Mezzo<\/strong><\/em>, collocata nel centro-est salentino. Nel dettaglio essa coincide con le aree afferenti i Comuni aderenti e limitrofi di&nbsp;Aradeo, Bagnolo del Salento, Calimera, Cannole, Caprarica di Lecce, Carpignano Salentino, Castri di Lecce, Castrignano&nbsp;d\u00e8 Greci, Corigliano d&#8217;Otranto, Cursi, Cutrofiano, Giurdignano, Martano, Martignano, Melendugno, Melpignano, Muro Leccese, Palmariggi, Sogliano Cavour, Soleto, Sternatia, Uggiano la Chiesa, Vernole e Zollino, \u00e8 ricadente per intero nella Provincia di Lecce<\/p>\n\n\n\n<figure class=\"wp-block-image size-full\"><img loading=\"lazy\" decoding=\"async\" width=\"520\" height=\"654\" src=\"https:\/\/www1.isolasalento.org\/wp-content\/uploads\/2026\/03\/image.png\" alt=\"\" class=\"wp-image-8273\" srcset=\"https:\/\/www1.isolasalento.org\/wp-content\/uploads\/2026\/03\/image.png 520w, https:\/\/www1.isolasalento.org\/wp-content\/uploads\/2026\/03\/image-239x300.png 239w\" sizes=\"auto, (max-width: 520px) 100vw, 520px\" \/><\/figure>\n\n\n\n<h4 class=\"wp-block-heading\"><strong>Descrizione generale della SSL<\/strong><\/h4>\n\n\n\n<p>La Strategia di Sviluppo Locale 2023-2027 del GAL Isola Salento si basa essenzialmente sulla volont\u00e0 di traguardare un nuovo intendimento della definizione dello \u201cSviluppo Rurale\u201d inteso quale sviluppo socio-economico delle aree extra-urbane, caratterizzate da svantaggi competitivi in termini territoriali, di servizi, conoscenze e opportunit\u00e0.<\/p>\n\n\n\n<p>Per attuare tale obiettivo, la Commissione Europea \u2013 DG agricoltura ha individuato alcuni principi di base della nuova politica&nbsp;finalizzate a favorire lo sviluppo locale&nbsp;in aree rurali, principalmente rivolti ad:<\/p>\n\n\n\n<ul class=\"wp-block-list\">\n<li>incrementanre l\u2019erogazione e la fruibilit\u00e0 dei beni e servizi, materiali e immateriali, presenti sui territori (privati, pubblici e comuni) per la loro trasformazione in valore sociale ed economico;<\/li>\n\n\n\n<li>stimolare le relazioni fra gli attori socio-economici pubblici e privati e la partecipazione degli abitanti locali per rafforzare il capitale sociale;<\/li>\n\n\n\n<li>sostenere il collegamento e l\u2019integrazione fra i diversi settori dell\u2019economia locale per rafforzare il sistema territoriale;<\/li>\n\n\n\n<li>favorire cambiamenti strutturali, intesi come nuovi processi di prodotto e modelli organizzativi nelle imprese e negli enti locali per una gestione e uso sostenibile delle risorse private e pubbliche;<\/li>\n\n\n\n<li>attivare reti di sinergia e complementarit\u00e0 fra i centri locali (istituzionali, produttivi, sociali) con quelli extra-locali (es. urbani) che aiutano a sviluppare competenze di alta qualit\u00e0, attrarre nuovi investitori, migliorare il rapporto fra costi di transazione e popolazione locale.<\/li>\n<\/ul>\n\n\n\n<p>Le zone rurali sono, infatti, generalmente caratterizzate da una prevalenza della componente agricola, ma questa, da sola, non pu\u00f2 garantire lo sviluppo socio-economico tale da far crescere e consolidare i livelli di occupazione e di reddito e, in generale, di far migliorare le condizioni di vita delle popolazioni locali. Inoltre, in tali aree le condizioni di sottosviluppo mettono spesso in pericolo anche i caratteri di ruralit\u00e0, per cui diviene prioritario perseguire modelli di sviluppo integrato: agricoltura, infrastrutture, servizi, formazione, turismo, artigianato manifatturiero, artigianato agroalimentare, commercio, ambiente, cultura, ecc..<\/p>\n\n\n\n<p>L\u2019esigenza, oggi molto sentita, di dare forma e contenuti ai distretti rurali, trova origine a partire dai primi anni 80, allorquando la nuova economia ed il nuovo modello di sviluppo (economia dell\u2019informazione, specializzazione flessibile) mettono in crisi il vecchio sistema di vita (la modernit\u00e0) e ne fanno nascere uno diverso (la post modernit\u00e0). Da un lato la produzione ed il consumo, che erano di massa, cedono il passo ad una produzione e ad un consumo basati sulla differenziazione del prodotto. Dall\u2019altro i luoghi e lo spazio (dapprima la citt\u00e0, poi la campagna) vengono trasformati in un oggetto che pu\u00f2 essere ammirato ma anche fruito e consumato.<\/p>\n\n\n\n<p>Il valore della relazione fra l\u2019impresa agricola ed artigiana ed il contesto territoriale rurale \u00e8 basato sulla capacit\u00e0 di offrire una serie di servizi rivolti alla valorizzazione delle risorse culturali, naturali ed ambientali, delle tradizioni locali, il tutto nell\u2019ottica di un:<\/p>\n\n\n\n<blockquote class=\"wp-block-quote is-style-default has-colore-bianco-color has-colore-primario-scuro-background-color has-text-color has-background has-link-color wp-elements-c3d709ce21c31d23ad80cd77d00797c8 is-layout-flow wp-block-quote-is-layout-flow\">\n<p><strong>COMPRENSORIO TURISTICO RURALE<\/strong> <strong>DEL SALENTO DI MEZZO<\/strong><\/p>\n\n\n\n<p><em><mark style=\"background-color:rgba(0, 0, 0, 0)\" class=\"has-inline-color has-colore-primario-chiaro-color\">Un Sistema produttivo locale caratterizzato da un&#8217;identit\u00e0 storica e territoriale omogenea derivante dall&#8217;integrazione fra attivit\u00e0 agricole e altre attivit\u00e0 locali, nonch\u00e9 dalla produzione di beni o servizi di particolare specificit\u00e0, coerenti con le tradizioni e le vocazioni naturali e territoriali<\/mark><\/em><\/p>\n<\/blockquote>\n\n\n\n<h4 class=\"wp-block-heading\">Correlazione&nbsp;tra le Azioni previste dalla SSL, le Linee Strategiche e gli Obiettivi Specifici&nbsp;<\/h4>\n\n\n\n<figure class=\"wp-block-table is-style-stripes\"><table><tbody><tr><td><strong>Azione<\/strong><\/td><td><strong>Titolo della Azione della SSL<\/strong><\/td><td><strong>Linee Strategiche del PSL<\/strong><\/td><td><strong>Obiettivi Specifici del PSL<\/strong><\/td><\/tr><tr><td>A.1<\/td><td>Promozione del Salento di Mezzo<\/td><td>Linea Strategica 1 \u2013 Sviluppo della competitivit\u00e0 territoriale con la diversificazione e qualificazione dei componenti delle filiere territoriali delle produzioni e dei servizi.Linea Strategica 3 &#8211; Promuovere i prodotti e servizi di pregio dell\u2019area in sinergia con le risorse ambientali, storico-culturali e paesaggistiche del territorioLinea Strategica 4 &#8211; Favorire il posizionamento del sistema locale dell&#8217;area sui mercati nazionali ed esteri<\/td><td>Incrementare la diversificazione delle fonti di reddito e occupazione della Comunit\u00e0 Rurale, promuovendo l\u2019uso sostenibile delle risorse ambientali del Comprensorio turistico rurale del Salento di Mezzo;Sostenere lo sviluppo e l\u2019innovazione organizzativa e tecnologica delle microimprese extra agricole e la formazione di circuiti di sviluppo endogeni ed esogeni al Comprensorio turistico rurale del Salento di MezzoMigliorare il livello di conoscenze e le competenze professionali degli operatori economici delle filiere componenti il Comprensorio turistico rurale del Salento di Mezzo<\/td><\/tr><tr><td>A.2<\/td><td>Diversificazione in investimenti produttivi non agricoli nel Salento di Mezzo<\/td><td>Linea Strategica 1 \u2013 Sviluppo della competitivit\u00e0 territoriale con la diversificazione e qualificazione dei componenti delle filiere territoriali delle produzioni e dei servizi.Linea Strategica 3 &#8211; Promuovere i prodotti e servizi di pregio dell\u2019area in sinergia con le risorse ambientali, storico-culturali e paesaggistiche del territorioLinea Strategica 4 &#8211; Favorire il posizionamento del sistema locale dell&#8217;area sui mercati nazionali ed esteri<\/td><td>Incrementare la diversificazione delle fonti di reddito e occupazione della Comunit\u00e0 Rurale, promuovendo l\u2019uso sostenibile delle risorse ambientali del Comprensorio turistico rurale del Salento di Mezzo;Sostenere lo sviluppo e l\u2019innovazione organizzativa e tecnologica delle microimprese extra agricole e la formazione di circuiti di sviluppo endogeni ed esogeni al Comprensorio turistico rurale del Salento di Mezzo<\/td><\/tr><tr><td>A.3<\/td><td>Investimenti produttivi non agricoli nel Salento di mezzo<\/td><td>Linea Strategica 1 \u2013 Sviluppo della competitivit\u00e0 territoriale con la diversificazione e qualificazione dei componenti delle filiere territoriali delle produzioni e dei servizi.Linea Strategica 3 &#8211; Promuovere i prodotti e servizi di pregio dell\u2019area in sinergia con le risorse ambientali, storico-culturali e paesaggistiche del territorioLinea Strategica 4 &#8211; Favorire il posizionamento del sistema locale dell&#8217;area sui mercati nazionali ed esteri<\/td><td>Incrementare la diversificazione delle fonti di reddito e occupazione della Comunit\u00e0 Rurale, promuovendo l\u2019uso sostenibile delle risorse ambientali del Comprensorio turistico rurale del Salento di Mezzo;Sostenere lo sviluppo e l\u2019innovazione organizzativa e tecnologica delle microimprese extra agricole e la formazione di circuiti di sviluppo endogeni ed esogeni al Comprensorio turistico rurale del Salento di MezzoIntrodurre servizi al turismo rurale nella rete del Comprensorio turistico rurale del Salento di Mezzo<\/td><\/tr><tr><td>A.4<\/td><td>Start up non agricole nel Salento di Mezzo<\/td><td>Linea Strategica 1 \u2013 Sviluppo della competitivit\u00e0 territoriale con la diversificazione e qualificazione dei componenti delle filiere territoriali delle produzioni e dei servizi.Linea Strategica 3 &#8211; Promuovere i prodotti e servizi di pregio dell\u2019area in sinergia con le risorse ambientali, storico-culturali e paesaggistiche del territorioLinea Strategica 4 &#8211; Favorire il posizionamento del sistema locale dell&#8217;area sui mercati nazionali ed esteri<\/td><td>Incrementare la diversificazione delle fonti di reddito e occupazione della Comunit\u00e0 Rurale, promuovendo l\u2019uso sostenibile delle risorse ambientali del Comprensorio turistico rurale del Salento di Mezzo;Sostenere lo sviluppo e l\u2019innovazione organizzativa e tecnologica delle microimprese extra agricole e la formazione di circuiti di sviluppo endogeni ed esogeni al Comprensorio turistico rurale del Salento di MezzoIntrodurre servizi al turismo rurale nella rete del Comprensorio turistico rurale del Salento di Mezzo<\/td><\/tr><tr><td>A.5<\/td><td>Investimenti in Infrastrutture nel Salento di Mezzo<\/td><td>&#8211;&nbsp;&nbsp;&nbsp;&nbsp;&nbsp;&nbsp;&nbsp;Linea Strategica 2 &#8211; Valorizzare il patrimonio rurale dell&#8217;area in un modello ecosistemico-territoriale<\/td><td>Riqualificare il patrimonio storico-architettonico ed ambientale rurali del Comprensorio turistico rurale del Salento di MezzoPromuovere interventi di valorizzazione, salvaguardia e promozione del patrimonio storico-architettonico culturale identitario ed ambientale del Comprensorio turistico rurale del Salento di Mezzo<\/td><\/tr><tr><td>A.6<\/td><td>Cartellone del Salento di Mezzo<\/td><td>&#8211;&nbsp;&nbsp;&nbsp;&nbsp;&nbsp;&nbsp;&nbsp;Linea Strategica 2 &#8211; Valorizzare il patrimonio rurale dell&#8217;area in un modello ecosistemico-territoriale<\/td><td>Promuovere interventi di valorizzazione, salvaguardia e promozione del patrimonio storico-architettonico culturale identitario ed ambientale del Comprensorio turistico rurale del Salento di Mezzo<\/td><\/tr><\/tbody><\/table><\/figure>\n\n\n\n<h4 class=\"wp-block-heading\">Azioni previste dalla SSL 2023\/2027 del GAL isola Salento<\/h4>\n\n\n\n<figure class=\"wp-block-table\"><table><tbody><tr><td><strong>Azione<\/strong><\/td><td><strong>Titolo della Azione<\/strong><\/td><\/tr><tr><td>A.1<\/td><td><a href=\"https:\/\/www1.isolasalento.org\/wp-content\/uploads\/2026\/02\/azione1.pdf\"><mark style=\"background-color:#BFBFBF\" class=\"has-inline-color has-colore-complementare-color\">Promozione del Salento di Mezzo<\/mark><\/a><\/td><\/tr><tr><td>A.2<\/td><td><a href=\"https:\/\/www1.isolasalento.org\/wp-content\/uploads\/2026\/02\/azione2.pdf\"><mark style=\"background-color:#BFBFBF\" class=\"has-inline-color has-colore-complementare-color\">Diversificazione in investimenti produttivi non agricoli nel Salento di Mezzo<\/mark><\/a><\/td><\/tr><tr><td>A.3<\/td><td><a href=\"https:\/\/www1.isolasalento.org\/wp-content\/uploads\/2026\/02\/azione3.pdf\"><mark style=\"background-color:#BFBFBF\" class=\"has-inline-color has-colore-complementare-color\">Investimenti produttivi non agricoli nel Salento di mezzo<\/mark><\/a><\/td><\/tr><tr><td>A.4<\/td><td><a href=\"https:\/\/www1.isolasalento.org\/wp-content\/uploads\/2026\/02\/azione4.pdf\"><mark style=\"background-color:#BFBFBF\" class=\"has-inline-color has-colore-complementare-color\">Start up non agricole nel Salento di Mezzo<\/mark><\/a><\/td><\/tr><tr><td>A.5<\/td><td><a href=\"https:\/\/www1.isolasalento.org\/wp-content\/uploads\/2026\/02\/azione5.pdf\"><mark style=\"background-color:#BFBFBF\" class=\"has-inline-color has-colore-complementare-color\">Investimenti in Infrastrutture nel Salento di Mezzo<\/mark><\/a><\/td><\/tr><tr><td>A.6<\/td><td><a href=\"https:\/\/www1.isolasalento.org\/wp-content\/uploads\/2026\/02\/azione6.pdf\"><mark style=\"background-color:#BFBFBF\" class=\"has-inline-color has-colore-complementare-color\">Cartellone del Salento di Mezzo<\/mark><\/a><\/td><\/tr><tr><td>B.1<\/td><td>Gestione del GAL<\/td><\/tr><tr><td>B.2<\/td><td>Animazione e comunicazione del GAL<\/td><\/tr><\/tbody><\/table><\/figure>\n\n\n\n<p><\/p>\n","protected":false},"excerpt":{"rendered":"<p>Area di attuazione della Strategia di Sviluppo Locale (SSL) 2023\/2027 del GAL Isola Salento La zona di diretta applicazione degli ambiti di intervento del GAL Isola Salento per la programmazione 2023\/2027 si estende ai territori comunali ricadenti nella macrozona del&nbsp;Salento di Mezzo, collocata nel centro-est salentino.<\/p>\n","protected":false},"author":1,"featured_media":0,"parent":0,"menu_order":0,"comment_status":"closed","ping_status":"closed","template":"","meta":{"footnotes":""},"tags":[],"class_list":["post-7699","page","type-page","status-publish","hentry"],"_links":{"self":[{"href":"https:\/\/www1.isolasalento.org\/index.php\/wp-json\/wp\/v2\/pages\/7699","targetHints":{"allow":["GET"]}}],"collection":[{"href":"https:\/\/www1.isolasalento.org\/index.php\/wp-json\/wp\/v2\/pages"}],"about":[{"href":"https:\/\/www1.isolasalento.org\/index.php\/wp-json\/wp\/v2\/types\/page"}],"author":[{"embeddable":true,"href":"https:\/\/www1.isolasalento.org\/index.php\/wp-json\/wp\/v2\/users\/1"}],"replies":[{"embeddable":true,"href":"https:\/\/www1.isolasalento.org\/index.php\/wp-json\/wp\/v2\/comments?post=7699"}],"version-history":[{"count":28,"href":"https:\/\/www1.isolasalento.org\/index.php\/wp-json\/wp\/v2\/pages\/7699\/revisions"}],"predecessor-version":[{"id":8300,"href":"https:\/\/www1.isolasalento.org\/index.php\/wp-json\/wp\/v2\/pages\/7699\/revisions\/8300"}],"wp:attachment":[{"href":"https:\/\/www1.isolasalento.org\/index.php\/wp-json\/wp\/v2\/media?parent=7699"}],"wp:term":[{"taxonomy":"post_tag","embeddable":true,"href":"https:\/\/www1.isolasalento.org\/index.php\/wp-json\/wp\/v2\/tags?post=7699"}],"curies":[{"name":"wp","href":"https:\/\/api.w.org\/{rel}","templated":true}]}}