{"id":7704,"date":"2026-02-20T17:51:46","date_gmt":"2026-02-20T16:51:46","guid":{"rendered":"https:\/\/www1.isolasalento.org\/?page_id=7704"},"modified":"2026-02-25T11:05:26","modified_gmt":"2026-02-25T10:05:26","slug":"governance","status":"publish","type":"page","link":"https:\/\/www1.isolasalento.org\/index.php\/governance\/","title":{"rendered":"Agenzia"},"content":{"rendered":"\n<h2 class=\"wp-block-heading\">Che cos\u2019\u00e8&nbsp;Isola Salento<\/h2>\n\n\n\n<p><strong>L\u2019Agenzia di Sviluppo Territoriale Isola Salento,<\/strong>&nbsp;denominata anche&nbsp;<strong>GAL<\/strong>&nbsp;(Gruppo d\u2019Azione Locale) ai sensi delle normative comunitarie relative alla programmazione dell\u2019approccio LEADER,&nbsp;opera \u2013 sin dal 1998 \u2013 sui temi dello sviluppo locale, attraverso l\u2019animazione, la promozione economica e territoriale delle zone rurali e l\u2019assistenza tecnica a terzi. L\u2019obiettivo principale della Agenzia \u00e8 quello di valorizzare in modo integrato ed organico le risorse e le attivit\u00e0 economiche presenti nel territorio, al fine di innescare un processo di sviluppo locale sulla base dell\u2019autorappresentazione delle comunit\u00e0.<br>Con l\u2019identificazione, la progettazione e l\u2019attuazione di interventi volti alla crescita ed al sostegno dell\u2019economia locale, si vuole creare opportunit\u00e0 significative per lo sviluppo del territorio, concentrando l\u2019attenzione ed il proprio impegno sul sistema delle risorse e delle potenzialit\u00e0 locali e sul sistema delle criticit\u00e0 dell\u2019area.<br>L\u2019Agenzia si pone come strumento tecnico per l\u2019ideazione, l\u2019attuazione, il coordinamento e la gestione, la rendicontazione tecnico-economica di azioni e progetti riferiti a Programmi economici e territoriali, al servizio degli Enti Locali, delle Associazioni, degli operatori e dell\u2019intera collettivit\u00e0.<\/p>\n\n\n\n<p><strong>Isola Salento<\/strong>&nbsp;agisce mediante il coinvolgimento di tutte le forze presenti sul territorio, attraverso l\u2019instaurazione di un clima di fiducia, che susciti negli operatori economici la volont\u00e0 di intraprendere.<br>La strategia \u00e8 basata sul principio del&nbsp;<strong>bottom-up<\/strong>: la progettualit\u00e0 e le linee di sviluppo vengono definite attraverso un procedimento \u201cdal basso\u201d, mediante la consultazione e la concertazione con tutti gli attori economici del territorio. Si vengono a determinare in questo modo relazioni di partnership a livello locale, dove le strategie di sviluppo sono definite in modo congiunto ed integrato, adeguandosi nella maniera pi\u00f9 opportuna alle diversit\u00e0 del contesto territoriale, allo scopo di rendere maggiormente attrattiva l\u2019area e per affermare un\u2019identit\u00e0 condivisa dalla comunit\u00e0 locale.<\/p>\n\n\n\n<p>Per questo&nbsp;<strong>Isola Salento<\/strong>&nbsp;attua azioni di animazione sul territorio, predisposizione e realizzazione di progetti ed interventi organici, realizzazione di attivit\u00e0 di informazione e di assistenza tecnica alla progettazione, gestione e rendicontazione di programmi di intervento che si riferiscono alla normativa Comunitaria, Nazionale, Regionale o Locale.<\/p>\n\n\n\n<h2 class=\"wp-block-heading\">La Missione<\/h2>\n\n\n\n<p><strong>Animazione Economica<\/strong><br>\u2013 Studi mirati<br>\u2013 Servizi di animazione<br>\u2013 Ricerche socio-economiche e territoriali<br>\u2013 Sportello informativo per le imprese e gli enti pubblici<br>\u2013 Servizio Informalavoro<br>\u2013 Organizzazione iniziative informative (workshop, seminari)<br>\u2013 Creazione e gestione Banche Dati<br>\u2013 Organizzazione di corsi di aggiornamento e di formazione<\/p>\n\n\n\n<p><strong>Progettazione Gestione ed Assistenza Tecnica<\/strong><br>\u2013 Formulazione progetti pilota<br>\u2013 Formulazione progetti integrati (agricoltura, turismo, artigianato, industria, commercio, ambiente)<br>\u2013 Attuazione progetti autogestiti<br>\u2013 Rendicontazione progetti autogestiti<br>\u2013 Assistenza tecnica all\u2019attuazione di progetti<br>\u2013 Assistenza tecnica alla rendicontazione<br>\u2013 Gestione programmi di finanziamento (es. Leader, Interreg, Equal, Cultura2000, Life etc)<br>\u2013 Progetti di cooperazione transnazionale ed interterritoriale<\/p>\n\n\n\n<blockquote class=\"wp-block-quote is-layout-flow wp-block-quote-is-layout-flow\">\n<p>\u201cLo sviluppo rurale \u00e8 definibile come un processo di<br>cambiamento conservativo che mira a migliorare<br>la qualit\u00e0 della vita della comunit\u00e0 rurale mediante<br>azioni sostenibili, endogene e locali di animazione,<br>riproduzione, integrazione e crescita dell\u2019economia<br>integrata del mondo rurale, in una logica di<br>attivazione e autosviluppo\u201d<br>J. Robertson<\/p>\n<\/blockquote>\n\n\n\n<h2 class=\"wp-block-heading\">Il Partenariato<\/h2>\n\n\n\n<p><em><u><strong>I Soci<\/strong><\/u><\/em><\/p>\n\n\n\n<p>L\u2019Agenzia di Sviluppo Territoriale Isola Salento ha una compagine sociale mista, composta da Enti Pubblici, da Associazioni di categoria, culturali ed ambientaliste della Provincia di Lecce e da operatori economici locali. Il Capitale Sociale \u00e8 di 10.000 Euro.<\/p>\n\n\n\n<p><em><u><strong>Comuni<\/strong><\/u><\/em>&nbsp;:&nbsp;Comune di Aradeo, Bagnolo del Salento, Calimera, Cannole, Caprarica di Lecce, Carpignano Salentino, Castri di Lecce, Castrignano d\u00e8 Greci, Corigliano d&#8217;Otranto, Cursi, Cutrofiano, Giurdignano, Martano, Martignano, Melendugno, Melpignano, Muro Leccese, Palmariggi, Sogliano Cavour, Soleto, Sternatia, Uggiano la Chiesa, Vernole e Zollino.<\/p>\n\n\n\n<p><em><u><strong>Altri Enti Pubblici<\/strong><\/u><\/em>: Istituto Comprensivo Statale di Martano e Carpignano Salentino,&nbsp;Istituto Comprensivo Statale di Zollino,&nbsp;Istituto Comprensivo Statale di Calimera,&nbsp;Istituto Comprensivo Statale di Cannole, Istituto di Istruzione Secondaria Superiore \u201cTrinchese\u201d di Martano.<\/p>\n\n\n\n<p><em><u><strong>OOPP Datoriali Agricole<\/strong><\/u><\/em>&nbsp;: U.C.I. Unione Coltivatori Italiani \u2013 Lecce, A.L.P.A.A. Lecce, A.P.I.M.A. Salento<\/p>\n\n\n\n<p><em><u><strong>Portatori di interessi collettivi in elenco CNEL<\/strong><\/u><\/em>&nbsp;: CNA Lecce<\/p>\n\n\n\n<p><em><u><strong>Privati non agricoli<\/strong><\/u><\/em>&nbsp;: Isola Salento scmrl, Fowhe srl, Ass. culturale Festa te lu Mieru, Giro di Boa Beach di Salvatore Tomasi snc, Ass. Pro Loco Martano, Ass. Pro Loco Zollino, Ass. Pro Loco Serrano, Ass. Pro Loco Cerceto Cannole, Ass. Pro Loco Castr\u00ec di Lecce, Ass. Pro Loco Calimera, Imago cooperativa sociale, La Nuova Monti di Monti Massimo, Consorzio CO.AR.CA., Ass. culturale Nea Carpiniana, A.C.A.M. \u2013 Associazione Artigiani e Commercianti Martano, Ditta Mariano Antonio, N&amp;B srl, Sunergy sas, Ass. culturale BeHashtag, A.P.S. Meditfilm, Nghetonia snc di Gemma Alessandro &amp; C., Artproject sas di Bianco Antonio, A.S.D. YIS \u2013 Yoga in Salento, POIESIS \u2013 Associazione di Promozione Sociale , Associazione Work in Progress, A.P.S. ViaggieMiraggi Puglia, Ass. Nuova Messapia, Ass. Rete Turistica Grec\u00eca Salentina, Ass. culturale Citt\u00e0 Fertile<\/p>\n\n\n\n<p><em><u><strong>Privati agricoli<\/strong><\/u><\/em>&nbsp;:&nbsp;Az. Agr. Coluccia Mariangela, Az. Agr. Torre dei Briganti di Palano Francesco, Az. Agr. Relais Masseria Capasa di Marti Gilda, Az. Agr. \u201cLu Schiau\u201d di De Carlo Giulia, Soc. Agr. Masseria Giovanni srl, Soc. Agr. Masseria Giovanni a r.l., Az. Agr. Cal\u00f2 Antonio, Az. Agricola Sergio Caracuta, Az. Agr. Naturalis di Coluccia Marinella, Az. Agr. Molle di De Giorgi Francesca Immacolata, Az. Agr. Samadhi di Maniglio Francesca.<\/p>\n\n\n\n<blockquote class=\"wp-block-quote is-layout-flow wp-block-quote-is-layout-flow\">\n<p>\u201cL\u2019approccio LEADER introduce una nuova filosofia<br>dell\u2019intervento comunitario: lo sviluppo rurale non<br>coincide con lo sviluppo agricolo, esso assume<br>un valore territoriale e non settoriale finalizzato<br>a migliorare l\u2019attrattivit\u00e0 sociale e residenziale<br>dell\u2019area interessata nonch\u00e9 la sua competitivit\u00e0 in<br>termini economici.\u201d<br>F. Fischler<\/p>\n<\/blockquote>\n\n\n\n<p><\/p>\n","protected":false},"excerpt":{"rendered":"<p>Che cos\u2019\u00e8&nbsp;Isola Salento L\u2019Agenzia di Sviluppo Territoriale Isola Salento,&nbsp;denominata anche&nbsp;GAL&nbsp;(Gruppo d\u2019Azione Locale) ai sensi delle normative comunitarie relative alla programmazione dell\u2019approccio LEADER,&nbsp;opera \u2013 sin dal 1998 \u2013 sui temi dello sviluppo locale, attraverso l\u2019animazione, la promozione economica e territoriale delle zone rurali e l\u2019assistenza tecnica a terzi.<\/p>\n","protected":false},"author":1,"featured_media":0,"parent":0,"menu_order":0,"comment_status":"closed","ping_status":"closed","template":"","meta":{"footnotes":""},"tags":[],"class_list":["post-7704","page","type-page","status-publish","hentry"],"_links":{"self":[{"href":"https:\/\/www1.isolasalento.org\/index.php\/wp-json\/wp\/v2\/pages\/7704","targetHints":{"allow":["GET"]}}],"collection":[{"href":"https:\/\/www1.isolasalento.org\/index.php\/wp-json\/wp\/v2\/pages"}],"about":[{"href":"https:\/\/www1.isolasalento.org\/index.php\/wp-json\/wp\/v2\/types\/page"}],"author":[{"embeddable":true,"href":"https:\/\/www1.isolasalento.org\/index.php\/wp-json\/wp\/v2\/users\/1"}],"replies":[{"embeddable":true,"href":"https:\/\/www1.isolasalento.org\/index.php\/wp-json\/wp\/v2\/comments?post=7704"}],"version-history":[{"count":5,"href":"https:\/\/www1.isolasalento.org\/index.php\/wp-json\/wp\/v2\/pages\/7704\/revisions"}],"predecessor-version":[{"id":7875,"href":"https:\/\/www1.isolasalento.org\/index.php\/wp-json\/wp\/v2\/pages\/7704\/revisions\/7875"}],"wp:attachment":[{"href":"https:\/\/www1.isolasalento.org\/index.php\/wp-json\/wp\/v2\/media?parent=7704"}],"wp:term":[{"taxonomy":"post_tag","embeddable":true,"href":"https:\/\/www1.isolasalento.org\/index.php\/wp-json\/wp\/v2\/tags?post=7704"}],"curies":[{"name":"wp","href":"https:\/\/api.w.org\/{rel}","templated":true}]}}