{"id":8156,"date":"2026-03-05T16:17:26","date_gmt":"2026-03-05T15:17:26","guid":{"rendered":"https:\/\/www1.isolasalento.org\/?page_id=8156"},"modified":"2026-03-05T16:17:27","modified_gmt":"2026-03-05T15:17:27","slug":"cookies-policy","status":"publish","type":"page","link":"https:\/\/www1.isolasalento.org\/index.php\/cookies-policy\/","title":{"rendered":"Cookies policy"},"content":{"rendered":"\n<p><strong>Riferimenti normativi: &#8220;Linee guida cookie e altri strumenti di tracciamento&#8221; del 10 giugno 2021<\/strong><\/p>\n\n\n\n<p>Per rendere il nostro sito pi\u00f9 facile ed intuitivo utilizziamo i cookie. I cookie sono piccole porzioni di dati che il server web fornisce al dispositivo di navigazione dell&#8217;utente (computer, tablet, samrtphone, ecc.) per consentire l&#8217;utilizzo dei nostri servizi. Inoltre le informazioni generate dall&#8217;uso dei cookie ci permettono di ottimizzare le pagine e le nostre infrastrutture tecniche, migliorando cos\u00ec la navigazione del sito. Il nostro sito non produce direttamente cookie di profilazione, cio\u00e8 quei cookie che creano profili dell&#8217;utente e che vengono utilizzati per inviare messaggi pubblicitari in linea con le preferenze manifestate dall&#8217;utente attraverso le sue scelte di navigazione in rete.<\/p>\n\n\n\n<p>Il nostro sito per\u00f2 pu\u00f2 contenere link, servizi, immagini o componenti multimediali di terze parti che possono generare a loro volta cookie sui quali non possiamo avere il controllo diretto.<\/p>\n\n\n\n<h2 class=\"wp-block-heading\">I tipi di cookie che utilizziamo<\/h2>\n\n\n\n<h3 class=\"wp-block-heading\">Cookie tecnici<\/h3>\n\n\n\n<p>I cookie tecnici hanno l&#8217;unico scopo di garantire la trasmissione della comunicazione tra l&#8217;utente e il sito sulla rete Internet, nella misura strettamente necessaria ad assicurare la miglior qualit\u00e0 possibile del nostro servizio. I cookie generati direttamente dal nostro sito raccolgono dati che vengono memorizzati su server che si trovano sul territorio italiano. I dati correlati ai cookie sono gestiti unicamente all&#8217;interno del nostro sito e non sono ceduti a terzi. In particolare i cookie tecnici gestiti dal nostro sito, come singole informazioni o come dati aggregati possono essere utilizzati in tre modi:<\/p>\n\n\n\n<ul class=\"wp-block-list\">\n<li>per la generazione delle pagine web del sito: questi cookie sono essenziali per navigare in tutto il sito e utilizzare a pieno le sue funzionalit\u00e0; per esempio consentono l&#8217;accesso alle aree dedicate ad utenti registrati, la registrazione al sito, il login, l&#8217;utilizzo di eventuale carrello elettronico e relativo modulo di pagamento online, etc. La semplice visualizzazione di una pagina e altri servizi necessari non possono essere fruiti senza questi cookie.<\/li>\n\n\n\n<li>per l&#8217;analisi e la gestione delle prestazioni del sito: questi cookie raccolgono informazioni su come gli utenti utilizzano un sito web rilevando, ad esempio, quali sono le pagine pi\u00f9 visitate o se sono stati generati messaggi di errore da pagine web, ma non raccolgono informazioni che identificano il visitatore. Tutte le informazioni raccolte tramite questi cookie sono aggregate e quindi anonime. Lo scopo \u00e8 quello di migliorare il funzionamento di un sito web e l&#8217;esperienza di navigazione dei visitatori.<\/li>\n\n\n\n<li>per la gestione e l&#8217;analisi delle funzionalit\u00e0: questa tipologia di cookie consente di ricordare le scelte fatte dall&#8217;utente all&#8217;interno del nostro sito per fornire funzionalit\u00e0\u00a0personalizzate. Per esempio permettono di ricordare le modifiche apportate alla dimensione del testo. Possono anche essere utilizzati per fornire servizi richiesti dal visitatore come guardare un video o i commenti su un blog. Le informazioni raccolte da questi tipi di cookie sono rese anonime e non utilizzabili per monitorare la vostra attivit\u00e0\u00a0di navigazione su altri siti web.<\/li>\n<\/ul>\n\n\n\n<h3 class=\"wp-block-heading\">Cookie e servizi di terze parti<\/h3>\n\n\n\n<p>Sono presenti nel sito Web anche servizi e link di terze parti, ad esempio i pulsanti per YouTube e Facebook, che potenzialmente possono collocare cookie nel dispositivo elettronico dell&#8217;utente quando vengono cliccati. Si tenga presente che l&#8217;informativa sull&#8217;uso dei cookie non riguarda i link presenti nel sito Web che indirizzano a siti web di terzi. Si consiglia pertanto di leggere le informative sulla privacy presenti negli altri siti web visitati, consultando i link indicati pi\u00f9 avanti. Per ulteriori informazioni relative a contenuti forniti da terzi e presenti nel nostro sito (link, immagini, componenti multimediali, ecc), leggere attentamente i paragrafi seguenti. Si desidera sottolineare come, l&#8217;Ente (d&#8217;ora in avanti &#8220;editore del sito&#8221;), non riceva alcuna informazione dai rispettivi provider o concessionari di servizi di terzi, relativa ai dati eventualmente recuperati dagli stessi. In alcuni casi saranno fornite unicamente statistiche aggregate, e quindi anonime, necessarie solo alla contabilizzazione dei servizi di terzi da noi acquistati.<\/p>\n\n\n\n<h2 class=\"wp-block-heading\">Protezione dallo SPAM<\/h2>\n\n\n\n<p>Ai fini della protezione contro l&#8217;uso improprio dei nostri moduli Web e contro lo spam, utilizziamo il servizio Google reCAPTCHA come parte di alcuni moduli su questo sito Web. Questo tipo di servizi analizza il traffico di questo Sito Web, potenzialmente contenente Dati Personali degli Utenti, al fine di filtrarlo da parti di traffico, messaggi e contenuti riconosciuti come SPAM. Google reCAPTCHA \u00e8 un servizio di protezione dallo SPAM fornito da Google Inc. L&#8217;utilizzo del sistema reCAPTCHA \u00e8 soggetto alla&nbsp;privacy policy&nbsp;e ai&nbsp;termini di utilizzo&nbsp;di Google. Dati Personali trattati: Cookie e Dati di utilizzo. Luogo del trattamento: Stati Uniti \u2013&nbsp;Privacy Policy.<\/p>\n\n\n\n<h2 class=\"wp-block-heading\">Web Analytics Italia<\/h2>\n\n\n\n<p>Questo sito web utilizza Web Analytics Italiaa (WAI), una piattaforma nazionale di raccolta e analisi dei dati statistici relativi al traffico dei siti e servizi digitali della Pubblica Amministrazione italiana. In qualit\u00e0&nbsp;di editore del sito non siamo in grado di fornire un&#8217;informativa adeguata sull&#8217;uso dei cookie da parte del provider\/concessionario del servizio. A riguardo consigliamo di visitare il seguente link:&nbsp;<a href=\"https:\/\/webanalytics.italia.it\/privacy\">https:\/\/webanalytics.italia.it\/privacy<\/a>.<\/p>\n\n\n\n<h2 class=\"wp-block-heading\">Pulsante e widget sociali di YouTube<\/h2>\n\n\n\n<p>Nel sito sono inclusi video, pulsanti ed altri widget sociali del servizio YouTube di YouTube, LLC. Queste componenti possono utilizzare dei cookie generati direttamente dai server di Youtube e suoi partner. In qualit\u00e0 di editore non siamo in grado di fornire un&#8217;informativa adeguata sull&#8217;uso dei cookie da parte del provider\/concessionario del servizio. A riguardo consigliamo di visitare il seguente link:&nbsp;<a href=\"https:\/\/policies.google.com\/technologies\/cookies\">https:\/\/policies.google.com\/technologies\/cookies<\/a>.<\/p>\n\n\n\n<p>Cliccando sul link si verr\u00e0 reindirizzati verso una pagina web non gestita dall&#8217;Ente. Come noto, i siti di streaming digitale (nella fattispecie YouTube) regolano autonomamente la propria privacy e la propria gestione dei cookies per coloro che navigano, pubblicano post e comunicano tramite gli stessi, essendo in tal caso i principali titolari del trattamento. Si invita pertanto l\u2019utente a visitare, per maggiori informazioni, i seguenti link: You tube:&nbsp;<a href=\"https:\/\/policies.google.com\/privacy?hl=it\">https:\/\/policies.google.com\/privacy?hl=it<\/a>.<br>L&#8217;ente, pertanto, non sar\u00e0 responsabile della gestione dei dati comunicati al gestore della piattaforma streaming.<\/p>\n\n\n\n<h2 class=\"wp-block-heading\">Pulsanti e widget sociali di Facebook<\/h2>\n\n\n\n<p>Il sito Web contiene pulsanti e widget per la condivisione di contenuti sul social network Facebook, 1601 South California Avenue, Palo Alto, CA 94304, U.S.A. Queste componenti possono utilizzare dei cookie generati direttamente dai server di Facebook e suoi partner. In qualit\u00e0 di editore non siamo in grado di fornire un&#8217;informativa adeguata sull&#8217;uso dei cookie da parte del provider\/concessionario del servizio. A riguardo consigliamo di visitare il seguente link:&nbsp;http:\/\/www.facebook.com\/about\/privacy\/ (Opzione linguistica sul fondo pagina). Pulsanti e widget sociali di Twitter Il sito Web include anche funzioni per il provider Twitter, offerte da Twitter Inc., 795 Folsom St, Suite 600, San Francisco, CA 94107, U.S.A. Queste componenti possono utilizzare dei cookie generati direttamente dai server di Twitter e suoi partner. In qualit\u00e0 di editore non siamo in grado di fornire un&#8217;informativa adeguata sull&#8217;uso dei cookie da parte del provider\/concessionario del servizio. A riguardo consigliamo di visitare il seguente link:&nbsp;<a href=\"http:\/\/twitter.com\/privacy\">http:\/\/twitter.com\/privacy<\/a>. Se si \u00e8 utenti del servizio twitter \u00e8 possibile modificare le impostazioni di tutela dei dati direttamente dal proprio account seguendo il link:&nbsp;<a href=\"http:\/\/twitter.com\/account\/settings\">http:\/\/twitter.com\/account\/settings<\/a>.<\/p>\n\n\n\n<h2 class=\"wp-block-heading\">Modalit\u00e0 di accettazione<\/h2>\n\n\n\n<p>In occasione della prima visita al Sito, l\u2019utente pu\u00f2 accettare tutti i cookie digitando \u201cAccetta tutti\u201d dal banner oppure mediante selezione di solo alcune tipologie di cookie digitando \u201cAccetta\u201d ovvero rifiutando tutti i cookie non tecnici (ovvero quelli statistici o di marketing) digitando \u201cRifiuta\u201d. Il consenso ai cookies statistici, di marketing o profilazione, pertanto, pu\u00f2 essere prestato o revocato in qualunque momento dal banner in home page o tramite l\u2019apposita funzionalit\u00e0 &#8220;Personalizza&#8221; in seguito indicata. Tutti o parte dei cookies possono essere disabilitati anche dalle preferenze del browser (ti suggeriamo per\u00f2 di non disabilitare i cookies tecnici perch\u00e9 ci\u00f2 potrebbe impedire il corretto funzionamento del Sito). Quando l\u2019installazione di cookies avviene sulla base del consenso, tale consenso pu\u00f2 essere revocato liberamente in ogni momento seguendo le istruzioni contenute in questo documento. L&#8217;Ente non sar\u00e0 responsabile di danni subiti dall&#8217;utente, tra i quali perdite di dati e finanziarie, causate da malfunzionamenti legati alla negazione del consenso all&#8217;utilizzo dei cookie originati dal nostro sito e\/o dai siti dei nostri partner.<\/p>\n\n\n\n<h2 class=\"wp-block-heading\">Come gestire i cookie sul tuo PC<\/h2>\n\n\n\n<p>Per la gestione dei cookie ti consigliamo di far riferimento ai siti degli sviluppatori dei browser, poich\u00e9 queste variano continuamente in base alla versione del software installato, in particolare:<\/p>\n\n\n\n<ul class=\"wp-block-list\">\n<li>Internet Explorer (http:\/\/windows.microsoft.com\/it-it\/windows-vista\/block-or-allow-cookies)<\/li>\n\n\n\n<li>Firefox (http:\/\/support.mozilla.com\/it-IT\/kb\/Cookies)<\/li>\n\n\n\n<li>Chrome(https:\/\/support.google.com\/chrome\/bin\/answer.py?hl=it&amp;answer=95647&amp;p=cpn_cookie s)<\/li>\n\n\n\n<li>Safari (http:\/\/support.apple.com\/kb\/HT1677?viewlocale=it_IT)<\/li>\n<\/ul>\n","protected":false},"excerpt":{"rendered":"<p>Riferimenti normativi: &#8220;Linee guida cookie e altri strumenti di tracciamento&#8221; del 10 giugno 2021 Per rendere il nostro sito pi\u00f9 facile ed intuitivo utilizziamo i cookie.<\/p>\n","protected":false},"author":1,"featured_media":0,"parent":0,"menu_order":0,"comment_status":"closed","ping_status":"closed","template":"","meta":{"footnotes":""},"tags":[],"class_list":["post-8156","page","type-page","status-publish","hentry"],"_links":{"self":[{"href":"https:\/\/www1.isolasalento.org\/index.php\/wp-json\/wp\/v2\/pages\/8156","targetHints":{"allow":["GET"]}}],"collection":[{"href":"https:\/\/www1.isolasalento.org\/index.php\/wp-json\/wp\/v2\/pages"}],"about":[{"href":"https:\/\/www1.isolasalento.org\/index.php\/wp-json\/wp\/v2\/types\/page"}],"author":[{"embeddable":true,"href":"https:\/\/www1.isolasalento.org\/index.php\/wp-json\/wp\/v2\/users\/1"}],"replies":[{"embeddable":true,"href":"https:\/\/www1.isolasalento.org\/index.php\/wp-json\/wp\/v2\/comments?post=8156"}],"version-history":[{"count":1,"href":"https:\/\/www1.isolasalento.org\/index.php\/wp-json\/wp\/v2\/pages\/8156\/revisions"}],"predecessor-version":[{"id":8157,"href":"https:\/\/www1.isolasalento.org\/index.php\/wp-json\/wp\/v2\/pages\/8156\/revisions\/8157"}],"wp:attachment":[{"href":"https:\/\/www1.isolasalento.org\/index.php\/wp-json\/wp\/v2\/media?parent=8156"}],"wp:term":[{"taxonomy":"post_tag","embeddable":true,"href":"https:\/\/www1.isolasalento.org\/index.php\/wp-json\/wp\/v2\/tags?post=8156"}],"curies":[{"name":"wp","href":"https:\/\/api.w.org\/{rel}","templated":true}]}}